{"id":4880,"date":"2019-09-25T06:45:23","date_gmt":"2019-09-25T06:45:23","guid":{"rendered":"https:\/\/dev1.ats-teconomy.com\/and-more\/"},"modified":"2023-03-23T12:24:23","modified_gmt":"2023-03-23T12:24:23","slug":"and-more","status":"publish","type":"page","link":"https:\/\/www.ats-teconomy.com\/nl\/and-more\/","title":{"rendered":"En meer&#8230;"},"content":{"rendered":"<div class=\"fusion-fullwidth fullwidth-box fusion-builder-row-1 nonhundred-percent-fullwidth non-hundred-percent-height-scrolling\" style=\"--awb-border-radius-top-left:0px;--awb-border-radius-top-right:0px;--awb-border-radius-bottom-right:0px;--awb-border-radius-bottom-left:0px;--awb-margin-top:10px;--awb-flex-wrap:wrap;\" ><div class=\"fusion-builder-row fusion-row\"><div class=\"fusion-layout-column fusion_builder_column fusion-builder-column-0 fusion_builder_column_2_3 2_3 fusion-two-third fusion-column-first\" style=\"--awb-bg-size:cover;width:66.666666666667%;width:calc(66.666666666667% - ( ( 4% ) * 0.66666666666667 ) );margin-right: 4%;\"><div class=\"fusion-column-wrapper fusion-column-has-shadow fusion-flex-column-wrapper-legacy\"><div class=\"fusion-text fusion-text-1\"><h2><strong><span style=\"font-size: 24pt;\">Ondersteuning op maat<\/span><\/strong><\/h2>\n<p style=\"text-align: justify;\"><span style=\"font-size: 14pt;\">Onze professionals staan klaar om uw problemen op te lossen en u verbeteringen aan te bieden die matchen met de behoeften van onze klanten en partners.<\/span><\/p>\n<p style=\"text-align: justify;\"><span style=\"font-size: 14pt;\">In tegenstelling tot andere providers van applicatiemanagement of workplace services, biedt ATS Teconomy u, als klant, de perfecte balans tussen service van hoge kwaliteit en snelle reactietijden.<br \/>\nWij hanteren strenge normen om dit uitstekende serviceniveau te garanderen. Wij werken voortdurend aan de evaluatie en verbetering van onze processen en de kwaliteit van onze dienstverlening. Ook luisteren we goed naar de feedback die we krijgen van onze klanten en specialisten.<br \/>\n<\/span><\/p>\n<\/div><div class=\"fusion-clearfix\"><\/div><\/div><\/div><div class=\"fusion-layout-column fusion_builder_column fusion-builder-column-1 fusion_builder_column_1_3 1_3 fusion-one-third fusion-column-last\" style=\"--awb-bg-size:cover;width:33.333333333333%;width:calc(33.333333333333% - ( ( 4% ) * 0.33333333333333 ) );\"><div class=\"fusion-column-wrapper fusion-column-has-shadow fusion-flex-column-wrapper-legacy\"><div class=\"fusion-sep-clear\"><\/div><div class=\"fusion-separator fusion-full-width-sep\" style=\"margin-left: auto;margin-right: auto;margin-top:30px;width:100%;\"><\/div><div class=\"fusion-sep-clear\"><\/div><div class=\"fusion-image-element fusion-image-align-right in-legacy-container\" style=\"text-align:right;--awb-caption-title-font-family:var(--h2_typography-font-family);--awb-caption-title-font-weight:var(--h2_typography-font-weight);--awb-caption-title-font-style:var(--h2_typography-font-style);--awb-caption-title-size:var(--h2_typography-font-size);--awb-caption-title-transform:var(--h2_typography-text-transform);--awb-caption-title-line-height:var(--h2_typography-line-height);--awb-caption-title-letter-spacing:var(--h2_typography-letter-spacing);\"><span class=\" fusion-imageframe imageframe-none imageframe-1 hover-type-none\" style=\"margin-left:25px;float:right;\"><img decoding=\"async\" width=\"5139\" height=\"4089\" title=\"Customised Support\" src=\"https:\/\/www.ats-teconomy.com\/wp-content\/uploads\/2019\/08\/Smart-people.jpg\" alt class=\"img-responsive wp-image-4780\" srcset=\"https:\/\/www.ats-teconomy.com\/wp-content\/uploads\/2019\/08\/Smart-people-200x159.jpg 200w, https:\/\/www.ats-teconomy.com\/wp-content\/uploads\/2019\/08\/Smart-people-400x318.jpg 400w, https:\/\/www.ats-teconomy.com\/wp-content\/uploads\/2019\/08\/Smart-people-600x477.jpg 600w, https:\/\/www.ats-teconomy.com\/wp-content\/uploads\/2019\/08\/Smart-people-800x637.jpg 800w, https:\/\/www.ats-teconomy.com\/wp-content\/uploads\/2019\/08\/Smart-people-1200x955.jpg 1200w, https:\/\/www.ats-teconomy.com\/wp-content\/uploads\/2019\/08\/Smart-people.jpg 5139w\" sizes=\"(max-width: 800px) 100vw, 400px\" loading=\"lazy\" \/><\/span><\/div><div class=\"fusion-clearfix\"><\/div><\/div><\/div><div class=\"fusion-layout-column fusion_builder_column fusion-builder-column-2 fusion_builder_column_1_1 1_1 fusion-one-full fusion-column-first fusion-column-last\" style=\"--awb-bg-size:cover;\"><div class=\"fusion-column-wrapper fusion-column-has-shadow fusion-flex-column-wrapper-legacy\"><div class=\"fusion-text fusion-text-2\"><h2><strong><span style=\"font-size: 24pt;\">ATS Teconomy kan op verschillende manieren ondersteuning bieden voor uw project:<br \/>\n<\/span><\/strong><\/h2>\n<\/div><ul style=\"--awb-line-height:23.8px;--awb-icon-width:23.8px;--awb-icon-height:23.8px;--awb-icon-margin:9.8px;--awb-content-margin:33.6px;--awb-circlecolor:#002c77;--awb-circle-yes-font-size:12.32px;\" class=\"fusion-checklist fusion-checklist-1 fusion-checklist-default type-icons\"><li class=\"fusion-li-item\" style=\"\"><span class=\"icon-wrapper circle-yes\"><i class=\"fusion-li-icon fa-check fas\" aria-hidden=\"true\"><\/i><\/span><div class=\"fusion-li-item-content\">\n<p><span style=\"font-size: 14pt;\">Onsite, \u00e9\u00e9n-op-\u00e9\u00e9n ondersteuning<\/span><\/p>\n<\/div><\/li><li class=\"fusion-li-item\" style=\"\"><span class=\"icon-wrapper circle-yes\"><i class=\"fusion-li-icon fa-check fas\" aria-hidden=\"true\"><\/i><\/span><div class=\"fusion-li-item-content\">\n<p><span style=\"font-size: 14pt;\">Exclusieve ondersteuning op afstand<\/span><\/p>\n<\/div><\/li><li class=\"fusion-li-item\" style=\"\"><span class=\"icon-wrapper circle-yes\"><i class=\"fusion-li-icon fa-check fas\" aria-hidden=\"true\"><\/i><\/span><div class=\"fusion-li-item-content\"><span style=\"font-size: 14pt;\">Ondersteuning op aanvraag<\/span><\/div><\/li><li class=\"fusion-li-item\" style=\"\"><span class=\"icon-wrapper circle-yes\"><i class=\"fusion-li-icon fa-check fas\" aria-hidden=\"true\"><\/i><\/span><div class=\"fusion-li-item-content\">\n<p><span style=\"font-size: 14pt;\">Training op maat<\/span><\/p>\n<\/div><\/li><li class=\"fusion-li-item\" style=\"\"><span class=\"icon-wrapper circle-yes\"><i class=\"fusion-li-icon fa-check fas\" aria-hidden=\"true\"><\/i><\/span><div class=\"fusion-li-item-content\">\n<p><span style=\"font-size: 14pt;\">Gebruik van een grote kennisbron met duizenden pakketten<\/span><\/p>\n<\/div><\/li><li class=\"fusion-li-item\" style=\"\"><span class=\"icon-wrapper circle-yes\"><i class=\"fusion-li-icon fa-check fas\" aria-hidden=\"true\"><\/i><\/span><div class=\"fusion-li-item-content\">\n<p><span style=\"font-size: 14pt;\">Onze online support community<\/span><\/p>\n<\/div><\/li><\/ul><div class=\"fusion-clearfix\"><\/div><\/div><\/div><\/div><\/div>\n","protected":false},"excerpt":{"rendered":"","protected":false},"author":1,"featured_media":0,"parent":0,"menu_order":0,"comment_status":"closed","ping_status":"closed","template":"","meta":{"footnotes":""},"class_list":["post-4880","page","type-page","status-publish","hentry"],"yoast_head":"<!-- This site is optimized with the Yoast SEO plugin v27.5 - https:\/\/yoast.com\/product\/yoast-seo-wordpress\/ -->\n<title>En meer... - Ondersteuning op maat - ATS Teconomy B.V.<\/title>\n<meta name=\"robots\" content=\"index, follow, max-snippet:-1, max-image-preview:large, max-video-preview:-1\" \/>\n<link rel=\"canonical\" href=\"https:\/\/www.ats-teconomy.com\/nl\/and-more\/\" \/>\n<meta property=\"og:locale\" content=\"nl_NL\" \/>\n<meta property=\"og:type\" content=\"article\" \/>\n<meta property=\"og:title\" content=\"En meer... - Ondersteuning op maat - ATS Teconomy B.V.\" \/>\n<meta property=\"og:url\" content=\"https:\/\/www.ats-teconomy.com\/nl\/and-more\/\" \/>\n<meta property=\"og:site_name\" content=\"ATS Teconomy B.V.\" \/>\n<meta property=\"article:modified_time\" content=\"2023-03-23T12:24:23+00:00\" \/>\n<meta name=\"twitter:card\" content=\"summary_large_image\" \/>\n<meta name=\"twitter:label1\" content=\"Est. reading time\" \/>\n\t<meta name=\"twitter:data1\" content=\"4 minutes\" \/>\n<script type=\"application\/ld+json\" class=\"yoast-schema-graph\">{\"@context\":\"https:\\\/\\\/schema.org\",\"@graph\":[{\"@type\":\"WebPage\",\"@id\":\"https:\\\/\\\/www.ats-teconomy.com\\\/nl\\\/and-more\\\/\",\"url\":\"https:\\\/\\\/www.ats-teconomy.com\\\/nl\\\/and-more\\\/\",\"name\":\"En meer... - Ondersteuning op maat - ATS Teconomy B.V.\",\"isPartOf\":{\"@id\":\"https:\\\/\\\/www.ats-teconomy.com\\\/nl\\\/#website\"},\"datePublished\":\"2019-09-25T06:45:23+00:00\",\"dateModified\":\"2023-03-23T12:24:23+00:00\",\"breadcrumb\":{\"@id\":\"https:\\\/\\\/www.ats-teconomy.com\\\/nl\\\/and-more\\\/#breadcrumb\"},\"inLanguage\":\"nl-NL\",\"potentialAction\":[{\"@type\":\"ReadAction\",\"target\":[\"https:\\\/\\\/www.ats-teconomy.com\\\/nl\\\/and-more\\\/\"]}]},{\"@type\":\"BreadcrumbList\",\"@id\":\"https:\\\/\\\/www.ats-teconomy.com\\\/nl\\\/and-more\\\/#breadcrumb\",\"itemListElement\":[{\"@type\":\"ListItem\",\"position\":1,\"name\":\"Home\",\"item\":\"https:\\\/\\\/www.ats-teconomy.com\\\/nl\\\/\"},{\"@type\":\"ListItem\",\"position\":2,\"name\":\"En meer&#8230;\"}]},{\"@type\":\"WebSite\",\"@id\":\"https:\\\/\\\/www.ats-teconomy.com\\\/nl\\\/#website\",\"url\":\"https:\\\/\\\/www.ats-teconomy.com\\\/nl\\\/\",\"name\":\"ATS Teconomy B.V.\",\"description\":\"The Independent Packaging &amp; Scripting Provider\",\"potentialAction\":[{\"@type\":\"SearchAction\",\"target\":{\"@type\":\"EntryPoint\",\"urlTemplate\":\"https:\\\/\\\/www.ats-teconomy.com\\\/nl\\\/?s={search_term_string}\"},\"query-input\":{\"@type\":\"PropertyValueSpecification\",\"valueRequired\":true,\"valueName\":\"search_term_string\"}}],\"inLanguage\":\"nl-NL\"}]}<\/script>\n<!-- \/ Yoast SEO plugin. -->","yoast_head_json":{"title":"En meer... - Ondersteuning op maat - ATS Teconomy B.V.","robots":{"index":"index","follow":"follow","max-snippet":"max-snippet:-1","max-image-preview":"max-image-preview:large","max-video-preview":"max-video-preview:-1"},"canonical":"https:\/\/www.ats-teconomy.com\/nl\/and-more\/","og_locale":"nl_NL","og_type":"article","og_title":"En meer... - Ondersteuning op maat - ATS Teconomy B.V.","og_url":"https:\/\/www.ats-teconomy.com\/nl\/and-more\/","og_site_name":"ATS Teconomy B.V.","article_modified_time":"2023-03-23T12:24:23+00:00","twitter_card":"summary_large_image","twitter_misc":{"Est. reading time":"4 minutes"},"schema":{"@context":"https:\/\/schema.org","@graph":[{"@type":"WebPage","@id":"https:\/\/www.ats-teconomy.com\/nl\/and-more\/","url":"https:\/\/www.ats-teconomy.com\/nl\/and-more\/","name":"En meer... - Ondersteuning op maat - ATS Teconomy B.V.","isPartOf":{"@id":"https:\/\/www.ats-teconomy.com\/nl\/#website"},"datePublished":"2019-09-25T06:45:23+00:00","dateModified":"2023-03-23T12:24:23+00:00","breadcrumb":{"@id":"https:\/\/www.ats-teconomy.com\/nl\/and-more\/#breadcrumb"},"inLanguage":"nl-NL","potentialAction":[{"@type":"ReadAction","target":["https:\/\/www.ats-teconomy.com\/nl\/and-more\/"]}]},{"@type":"BreadcrumbList","@id":"https:\/\/www.ats-teconomy.com\/nl\/and-more\/#breadcrumb","itemListElement":[{"@type":"ListItem","position":1,"name":"Home","item":"https:\/\/www.ats-teconomy.com\/nl\/"},{"@type":"ListItem","position":2,"name":"En meer&#8230;"}]},{"@type":"WebSite","@id":"https:\/\/www.ats-teconomy.com\/nl\/#website","url":"https:\/\/www.ats-teconomy.com\/nl\/","name":"ATS Teconomy B.V.","description":"The Independent Packaging &amp; Scripting Provider","potentialAction":[{"@type":"SearchAction","target":{"@type":"EntryPoint","urlTemplate":"https:\/\/www.ats-teconomy.com\/nl\/?s={search_term_string}"},"query-input":{"@type":"PropertyValueSpecification","valueRequired":true,"valueName":"search_term_string"}}],"inLanguage":"nl-NL"}]}},"_links":{"self":[{"href":"https:\/\/www.ats-teconomy.com\/nl\/wp-json\/wp\/v2\/pages\/4880","targetHints":{"allow":["GET"]}}],"collection":[{"href":"https:\/\/www.ats-teconomy.com\/nl\/wp-json\/wp\/v2\/pages"}],"about":[{"href":"https:\/\/www.ats-teconomy.com\/nl\/wp-json\/wp\/v2\/types\/page"}],"author":[{"embeddable":true,"href":"https:\/\/www.ats-teconomy.com\/nl\/wp-json\/wp\/v2\/users\/1"}],"replies":[{"embeddable":true,"href":"https:\/\/www.ats-teconomy.com\/nl\/wp-json\/wp\/v2\/comments?post=4880"}],"version-history":[{"count":0,"href":"https:\/\/www.ats-teconomy.com\/nl\/wp-json\/wp\/v2\/pages\/4880\/revisions"}],"wp:attachment":[{"href":"https:\/\/www.ats-teconomy.com\/nl\/wp-json\/wp\/v2\/media?parent=4880"}],"curies":[{"name":"wp","href":"https:\/\/api.w.org\/{rel}","templated":true}]}}